{"id":71,"date":"2023-03-09T18:07:25","date_gmt":"2023-03-09T18:07:25","guid":{"rendered":"https:\/\/dcpilatesstudio.com\/?page_id=71"},"modified":"2024-05-14T08:57:31","modified_gmt":"2024-05-14T08:57:31","slug":"avis-legal","status":"publish","type":"page","link":"https:\/\/dcpilatesstudio.com\/es\/avis-legal\/","title":{"rendered":"Aviso legal"},"content":{"rendered":"<div data-elementor-type=\"wp-page\" data-elementor-id=\"71\" class=\"elementor elementor-71\">\n\t\t\t\t\t\t<section class=\"elementor-section elementor-top-section elementor-element elementor-element-e791221 elementor-section-boxed elementor-section-height-default elementor-section-height-default\" data-id=\"e791221\" data-element_type=\"section\" data-e-type=\"section\">\n\t\t\t\t\t\t<div class=\"elementor-container elementor-column-gap-default\">\n\t\t\t\t\t<div class=\"elementor-column elementor-col-100 elementor-top-column elementor-element elementor-element-0366e54\" data-id=\"0366e54\" data-element_type=\"column\" data-e-type=\"column\">\n\t\t\t<div class=\"elementor-widget-wrap elementor-element-populated\">\n\t\t\t\t\t\t<div class=\"elementor-element elementor-element-5505a11 elementor-widget elementor-widget-heading\" data-id=\"5505a11\" data-element_type=\"widget\" data-e-type=\"widget\" data-widget_type=\"heading.default\">\n\t\t\t\t<div class=\"elementor-widget-container\">\n\t\t\t\t\t<h1 class=\"elementor-heading-title elementor-size-default\">Aviso legal<\/h1>\t\t\t\t<\/div>\n\t\t\t\t<\/div>\n\t\t\t\t<div class=\"elementor-element elementor-element-9b0902b elementor-widget elementor-widget-text-editor\" data-id=\"9b0902b\" data-element_type=\"widget\" data-e-type=\"widget\" data-widget_type=\"text-editor.default\">\n\t\t\t\t<div class=\"elementor-widget-container\">\n\t\t\t\t\t\t\t\t\t<p class=\"p1\"><span class=\"s1\">En cumplimiento con el deber de informaci\u00f3n recogido en art\u00edculo 10 de la Ley 34\/2002, de 11 de julio, de Servicios de la Sociedad de la Informaci\u00f3n y del Comercio Electr\u00f3nico (LSSICE), el propietario de la web , le informa de lo siguiente:<\/span><\/p>\n<p class=\"p1\"><span class=\"s1\"><br>\u2022 Denominaci\u00f3n social: David Serrano Mora<br>\u2022&nbsp;NIF: 77744003R<br>\u2022 Domicili: C\/ Les Eres 6, 3 &#8211; A, 25183 &#8211;&nbsp;Ser\u00f3s&nbsp;(Lleida)<\/span><\/p>\n<p class=\"p1\"><span class=\"s1\"><br>Con los l\u00edmites establecidos en la ley, David Serrano Mora no asume ninguna responsabilidad derivada de la falta de veracidad, integridad, actualizaci\u00f3n y precisi\u00f3n de los datos o informaciones que contienen sus p\u00e1ginas web.<\/span><\/p><p class=\"p1\"><span class=\"s1\"><br>Los contenidos e informaci\u00f3n no vinculan a David Serrano Mora ni constituyen opiniones, consejos o asesoramiento legal de ning\u00fan tipo pues se trata meramente de un servicio ofrecido con car\u00e1cter informativo y divulgativo.<\/span><\/p><p class=\"p1\"><span class=\"s1\"><br>Las p\u00e1ginas de Internet de David Serrano Mora pueden contener enlaces (links) a otras p\u00e1ginas de terceras partes que David Serrano Mora no puede controlar. Por lo tanto, David Serrano Mora no puede asumir responsabilidades por el contenido que pueda aparecer en p\u00e1ginas de terceros.<br>Los textos, im\u00e1genes, sonidos, animaciones, software y el resto de contenidos incluidos en este website son propiedad exclusiva de David Serrano Mora o sus licenciantes. Cualquier acto de transmisi\u00f3n, distribuci\u00f3n, cesi\u00f3n, reproducci\u00f3n, almacenamiento o comunicaci\u00f3n p\u00fablica total o parcial, deber\u00e1 contar con el consentimiento expreso de David Serrano Mora.<\/span><\/p><p class=\"p1\"><span class=\"s1\"><br>Asimismo, para acceder a algunos de los servicios que David Serrano Mora ofrece a trav\u00e9s del sitio web, deber\u00e1 proporcionar algunos datos de car\u00e1cter personal. En cumplimiento de lo establecido en el Reglamento (UE) 2016\/679 del Parlamento Europeo y del Consejo, de 27 de abril de 2016, relativo a la protecci\u00f3n de las personas f\u00edsicas en lo que respecta al tratamiento de datos personales y a la libre circulaci\u00f3n de estos datos le informamos que, mediante la cumplimentaci\u00f3n de los presentes formularios, sus datos personales quedar\u00e1n incorporados y ser\u00e1n tratados en los ficheros de David Serrano Mora con el fin de poderle prestar y ofrecer nuestros servicios as\u00ed como para informarle de las mejoras del sitio Web.<\/span><\/p><p class=\"p1\"><span class=\"s1\"><br>Le informamos tambi\u00e9n de que tendr\u00e1 la posibilidad en todo momento de ejercer los derechos de acceso, rectificaci\u00f3n, cancelaci\u00f3n, oposici\u00f3n, limitaci\u00f3n y portabilidad de sus datos de car\u00e1cter personal, de manera gratuita mediante email a: dcpilatesstudio.lleida@gmail.com o en la direcci\u00f3n: C\/ Les Eres 6, 3 - A, 25183 - Ser\u00f3s (Lleida).<\/span><\/p>\t\t\t\t\t\t\t\t<\/div>\n\t\t\t\t<\/div>\n\t\t\t\t\t<\/div>\n\t\t<\/div>\n\t\t\t\t\t<\/div>\n\t\t<\/section>\n\t\t\t\t<\/div>","protected":false},"excerpt":{"rendered":"<p>Av\u00eds Legal En compliment amb el deure d&#8217;informaci\u00f3 recollit en article 10 de la Llei 34\/2002, d&#8217;11 de juliol, de Serveis de la Societat de la Informaci\u00f3 i del Comer\u00e7 Electr\u00f2nic (LSSICE), el propietari de la web , l&#8217;informa del seg\u00fcent: \u2022 Denominaci\u00f3 social: David Serrano Mora\u2022&nbsp;NIF: 77744003R\u2022 Domicili: C\/ Les Eres 6, 3 &#8211; [&hellip;]<\/p>\n","protected":false},"author":6,"featured_media":0,"parent":0,"menu_order":0,"comment_status":"closed","ping_status":"closed","template":"elementor_header_footer","meta":{"_joinchat":[],"footnotes":""},"class_list":["post-71","page","type-page","status-publish","hentry"],"yoast_head":"<!-- This site is optimized with the Yoast SEO plugin v27.1.1 - https:\/\/yoast.com\/product\/yoast-seo-wordpress\/ -->\n<title>Av\u00eds Legal - DC Pilates Studio<\/title>\n<meta name=\"robots\" content=\"noindex, nofollow\" \/>\n<meta property=\"og:locale\" content=\"es_ES\" \/>\n<meta property=\"og:type\" content=\"article\" \/>\n<meta property=\"og:title\" content=\"Av\u00eds Legal - DC Pilates Studio\" \/>\n<meta property=\"og:description\" content=\"Av\u00eds Legal En compliment amb el deure d&#8217;informaci\u00f3 recollit en article 10 de la Llei 34\/2002, d&#8217;11 de juliol, de Serveis de la Societat de la Informaci\u00f3 i del Comer\u00e7 Electr\u00f2nic (LSSICE), el propietari de la web , l&#8217;informa del seg\u00fcent: \u2022 Denominaci\u00f3 social: David Serrano Mora\u2022&nbsp;NIF: 77744003R\u2022 Domicili: C\/ Les Eres 6, 3 &#8211; [&hellip;]\" \/>\n<meta property=\"og:url\" content=\"https:\/\/dcpilatesstudio.com\/es\/avis-legal\/\" \/>\n<meta property=\"og:site_name\" content=\"DC Pilates Studio\" \/>\n<meta property=\"article:modified_time\" content=\"2024-05-14T08:57:31+00:00\" \/>\n<meta name=\"twitter:card\" content=\"summary_large_image\" \/>\n<meta name=\"twitter:label1\" content=\"Tiempo de lectura\" \/>\n\t<meta name=\"twitter:data1\" content=\"3 minutos\" \/>\n<script type=\"application\/ld+json\" class=\"yoast-schema-graph\">{\"@context\":\"https:\/\/schema.org\",\"@graph\":[{\"@type\":\"WebPage\",\"@id\":\"https:\/\/dcpilatesstudio.com\/avis-legal\/\",\"url\":\"https:\/\/dcpilatesstudio.com\/avis-legal\/\",\"name\":\"Av\u00eds Legal - DC Pilates Studio\",\"isPartOf\":{\"@id\":\"https:\/\/dcpilatesstudio.com\/#website\"},\"datePublished\":\"2023-03-09T18:07:25+00:00\",\"dateModified\":\"2024-05-14T08:57:31+00:00\",\"breadcrumb\":{\"@id\":\"https:\/\/dcpilatesstudio.com\/avis-legal\/#breadcrumb\"},\"inLanguage\":\"es\",\"potentialAction\":[{\"@type\":\"ReadAction\",\"target\":[\"https:\/\/dcpilatesstudio.com\/avis-legal\/\"]}]},{\"@type\":\"BreadcrumbList\",\"@id\":\"https:\/\/dcpilatesstudio.com\/avis-legal\/#breadcrumb\",\"itemListElement\":[{\"@type\":\"ListItem\",\"position\":1,\"name\":\"Portada\",\"item\":\"https:\/\/dcpilatesstudio.com\/\"},{\"@type\":\"ListItem\",\"position\":2,\"name\":\"Av\u00eds Legal\"}]},{\"@type\":\"WebSite\",\"@id\":\"https:\/\/dcpilatesstudio.com\/#website\",\"url\":\"https:\/\/dcpilatesstudio.com\/\",\"name\":\"DC Pilates Studio\",\"description\":\"\",\"publisher\":{\"@id\":\"https:\/\/dcpilatesstudio.com\/#organization\"},\"potentialAction\":[{\"@type\":\"SearchAction\",\"target\":{\"@type\":\"EntryPoint\",\"urlTemplate\":\"https:\/\/dcpilatesstudio.com\/?s={search_term_string}\"},\"query-input\":{\"@type\":\"PropertyValueSpecification\",\"valueRequired\":true,\"valueName\":\"search_term_string\"}}],\"inLanguage\":\"es\"},{\"@type\":\"Organization\",\"@id\":\"https:\/\/dcpilatesstudio.com\/#organization\",\"name\":\"DC Pilates Studio\",\"url\":\"https:\/\/dcpilatesstudio.com\/\",\"logo\":{\"@type\":\"ImageObject\",\"inLanguage\":\"es\",\"@id\":\"https:\/\/dcpilatesstudio.com\/#\/schema\/logo\/image\/\",\"url\":\"https:\/\/dcpilatesstudio.com\/wp-content\/uploads\/2023\/07\/DC-Pilates-Studio-Junt.png\",\"contentUrl\":\"https:\/\/dcpilatesstudio.com\/wp-content\/uploads\/2023\/07\/DC-Pilates-Studio-Junt.png\",\"width\":2245,\"height\":2245,\"caption\":\"DC Pilates Studio\"},\"image\":{\"@id\":\"https:\/\/dcpilatesstudio.com\/#\/schema\/logo\/image\/\"},\"sameAs\":[\"https:\/\/www.instagram.com\/dc_pilatesstudio\/\"]}]}<\/script>\n<!-- \/ Yoast SEO plugin. -->","yoast_head_json":{"title":"Av\u00eds Legal - DC Pilates Studio","robots":{"index":"noindex","follow":"nofollow"},"og_locale":"es_ES","og_type":"article","og_title":"Av\u00eds Legal - DC Pilates Studio","og_description":"Av\u00eds Legal En compliment amb el deure d&#8217;informaci\u00f3 recollit en article 10 de la Llei 34\/2002, d&#8217;11 de juliol, de Serveis de la Societat de la Informaci\u00f3 i del Comer\u00e7 Electr\u00f2nic (LSSICE), el propietari de la web , l&#8217;informa del seg\u00fcent: \u2022 Denominaci\u00f3 social: David Serrano Mora\u2022&nbsp;NIF: 77744003R\u2022 Domicili: C\/ Les Eres 6, 3 &#8211; [&hellip;]","og_url":"https:\/\/dcpilatesstudio.com\/es\/avis-legal\/","og_site_name":"DC Pilates Studio","article_modified_time":"2024-05-14T08:57:31+00:00","twitter_card":"summary_large_image","twitter_misc":{"Tiempo de lectura":"3 minutos"},"schema":{"@context":"https:\/\/schema.org","@graph":[{"@type":"WebPage","@id":"https:\/\/dcpilatesstudio.com\/avis-legal\/","url":"https:\/\/dcpilatesstudio.com\/avis-legal\/","name":"Av\u00eds Legal - DC Pilates Studio","isPartOf":{"@id":"https:\/\/dcpilatesstudio.com\/#website"},"datePublished":"2023-03-09T18:07:25+00:00","dateModified":"2024-05-14T08:57:31+00:00","breadcrumb":{"@id":"https:\/\/dcpilatesstudio.com\/avis-legal\/#breadcrumb"},"inLanguage":"es","potentialAction":[{"@type":"ReadAction","target":["https:\/\/dcpilatesstudio.com\/avis-legal\/"]}]},{"@type":"BreadcrumbList","@id":"https:\/\/dcpilatesstudio.com\/avis-legal\/#breadcrumb","itemListElement":[{"@type":"ListItem","position":1,"name":"Portada","item":"https:\/\/dcpilatesstudio.com\/"},{"@type":"ListItem","position":2,"name":"Av\u00eds Legal"}]},{"@type":"WebSite","@id":"https:\/\/dcpilatesstudio.com\/#website","url":"https:\/\/dcpilatesstudio.com\/","name":"DC Pilates Studio","description":"","publisher":{"@id":"https:\/\/dcpilatesstudio.com\/#organization"},"potentialAction":[{"@type":"SearchAction","target":{"@type":"EntryPoint","urlTemplate":"https:\/\/dcpilatesstudio.com\/?s={search_term_string}"},"query-input":{"@type":"PropertyValueSpecification","valueRequired":true,"valueName":"search_term_string"}}],"inLanguage":"es"},{"@type":"Organization","@id":"https:\/\/dcpilatesstudio.com\/#organization","name":"DC Pilates Studio","url":"https:\/\/dcpilatesstudio.com\/","logo":{"@type":"ImageObject","inLanguage":"es","@id":"https:\/\/dcpilatesstudio.com\/#\/schema\/logo\/image\/","url":"https:\/\/dcpilatesstudio.com\/wp-content\/uploads\/2023\/07\/DC-Pilates-Studio-Junt.png","contentUrl":"https:\/\/dcpilatesstudio.com\/wp-content\/uploads\/2023\/07\/DC-Pilates-Studio-Junt.png","width":2245,"height":2245,"caption":"DC Pilates Studio"},"image":{"@id":"https:\/\/dcpilatesstudio.com\/#\/schema\/logo\/image\/"},"sameAs":["https:\/\/www.instagram.com\/dc_pilatesstudio\/"]}]}},"_links":{"self":[{"href":"https:\/\/dcpilatesstudio.com\/es\/wp-json\/wp\/v2\/pages\/71","targetHints":{"allow":["GET"]}}],"collection":[{"href":"https:\/\/dcpilatesstudio.com\/es\/wp-json\/wp\/v2\/pages"}],"about":[{"href":"https:\/\/dcpilatesstudio.com\/es\/wp-json\/wp\/v2\/types\/page"}],"author":[{"embeddable":true,"href":"https:\/\/dcpilatesstudio.com\/es\/wp-json\/wp\/v2\/users\/6"}],"replies":[{"embeddable":true,"href":"https:\/\/dcpilatesstudio.com\/es\/wp-json\/wp\/v2\/comments?post=71"}],"version-history":[{"count":0,"href":"https:\/\/dcpilatesstudio.com\/es\/wp-json\/wp\/v2\/pages\/71\/revisions"}],"wp:attachment":[{"href":"https:\/\/dcpilatesstudio.com\/es\/wp-json\/wp\/v2\/media?parent=71"}],"curies":[{"name":"wp","href":"https:\/\/api.w.org\/{rel}","templated":true}]}}