{"id":59,"date":"2023-03-09T18:05:22","date_gmt":"2023-03-09T18:05:22","guid":{"rendered":"https:\/\/dcpilatesstudio.com\/?page_id=59"},"modified":"2026-03-09T13:20:41","modified_gmt":"2026-03-09T13:20:41","slug":"contacte","status":"publish","type":"page","link":"https:\/\/dcpilatesstudio.com\/es\/contacte\/","title":{"rendered":"Contacto"},"content":{"rendered":"\t\t<div data-elementor-type=\"wp-page\" data-elementor-id=\"59\" class=\"elementor elementor-59\">\n\t\t\t\t\t\t<section class=\"elementor-section elementor-top-section elementor-element elementor-element-78cf1851 elementor-section-boxed elementor-section-height-default elementor-section-height-default\" data-id=\"78cf1851\" data-element_type=\"section\" data-e-type=\"section\" data-settings=\"{&quot;background_background&quot;:&quot;classic&quot;,&quot;background_motion_fx_motion_fx_scrolling&quot;:&quot;yes&quot;,&quot;background_motion_fx_translateY_effect&quot;:&quot;yes&quot;,&quot;background_motion_fx_translateY_speed&quot;:{&quot;unit&quot;:&quot;px&quot;,&quot;size&quot;:10,&quot;sizes&quot;:[]},&quot;background_motion_fx_translateY_affectedRange&quot;:{&quot;unit&quot;:&quot;%&quot;,&quot;size&quot;:&quot;&quot;,&quot;sizes&quot;:{&quot;start&quot;:0,&quot;end&quot;:100}},&quot;background_motion_fx_devices&quot;:[&quot;desktop&quot;,&quot;tablet&quot;,&quot;mobile&quot;]}\">\n\t\t\t\t\t\t\t<div class=\"elementor-background-overlay\"><\/div>\n\t\t\t\t\t\t\t<div class=\"elementor-container elementor-column-gap-default\">\n\t\t\t\t\t<div class=\"elementor-column elementor-col-100 elementor-top-column elementor-element elementor-element-1e8813cb\" data-id=\"1e8813cb\" data-element_type=\"column\" data-e-type=\"column\">\n\t\t\t<div class=\"elementor-widget-wrap elementor-element-populated\">\n\t\t\t\t\t\t<section class=\"elementor-section elementor-inner-section elementor-element elementor-element-511fda7a elementor-section-boxed elementor-section-height-default elementor-section-height-default\" data-id=\"511fda7a\" data-element_type=\"section\" data-e-type=\"section\">\n\t\t\t\t\t\t<div class=\"elementor-container elementor-column-gap-default\">\n\t\t\t\t\t<div class=\"elementor-column elementor-col-100 elementor-inner-column elementor-element elementor-element-4dc24ab1\" data-id=\"4dc24ab1\" data-element_type=\"column\" data-e-type=\"column\">\n\t\t\t<div class=\"elementor-widget-wrap elementor-element-populated\">\n\t\t\t\t\t\t<div class=\"elementor-element elementor-element-3b11c311 elementor-invisible elementor-widget elementor-widget-heading\" data-id=\"3b11c311\" data-element_type=\"widget\" data-e-type=\"widget\" data-settings=\"{&quot;_animation&quot;:&quot;fadeInUp&quot;}\" data-widget_type=\"heading.default\">\n\t\t\t\t<div class=\"elementor-widget-container\">\n\t\t\t\t\t<h1 class=\"elementor-heading-title elementor-size-default\">Contacta'ns<\/h1>\t\t\t\t<\/div>\n\t\t\t\t<\/div>\n\t\t\t\t\t<\/div>\n\t\t<\/div>\n\t\t\t\t\t<\/div>\n\t\t<\/section>\n\t\t\t\t\t<\/div>\n\t\t<\/div>\n\t\t\t\t\t<\/div>\n\t\t<\/section>\n\t\t\t\t<section class=\"elementor-section elementor-top-section elementor-element elementor-element-c79b924 elementor-section-boxed elementor-section-height-default elementor-section-height-default\" data-id=\"c79b924\" data-element_type=\"section\" data-e-type=\"section\">\n\t\t\t\t\t\t<div class=\"elementor-container elementor-column-gap-default\">\n\t\t\t\t\t<div class=\"elementor-column elementor-col-100 elementor-top-column elementor-element elementor-element-8e7a3c9\" data-id=\"8e7a3c9\" data-element_type=\"column\" data-e-type=\"column\">\n\t\t\t<div class=\"elementor-widget-wrap elementor-element-populated\">\n\t\t\t\t\t\t<div class=\"elementor-element elementor-element-9f06961 elementor-widget elementor-widget-spacer\" data-id=\"9f06961\" data-element_type=\"widget\" data-e-type=\"widget\" data-widget_type=\"spacer.default\">\n\t\t\t\t<div class=\"elementor-widget-container\">\n\t\t\t\t\t\t\t<div class=\"elementor-spacer\">\n\t\t\t<div class=\"elementor-spacer-inner\"><\/div>\n\t\t<\/div>\n\t\t\t\t\t\t<\/div>\n\t\t\t\t<\/div>\n\t\t\t\t<div class=\"elementor-element elementor-element-91f05dc elementor-widget elementor-widget-heading\" data-id=\"91f05dc\" data-element_type=\"widget\" data-e-type=\"widget\" data-widget_type=\"heading.default\">\n\t\t\t\t<div class=\"elementor-widget-container\">\n\t\t\t\t\t<h2 class=\"elementor-heading-title elementor-size-large\">No dubtis a posar-te en contacte amb nosaltres utilitzant qualsevol dels seg\u00fcents m\u00e8todes:<br><\/h2>\t\t\t\t<\/div>\n\t\t\t\t<\/div>\n\t\t\t\t\t<\/div>\n\t\t<\/div>\n\t\t\t\t\t<\/div>\n\t\t<\/section>\n\t\t\t\t<section class=\"elementor-section elementor-top-section elementor-element elementor-element-7070cc3 elementor-section-boxed elementor-section-height-default elementor-section-height-default\" data-id=\"7070cc3\" data-element_type=\"section\" data-e-type=\"section\">\n\t\t\t\t\t\t<div class=\"elementor-container elementor-column-gap-wider\">\n\t\t\t\t\t<div class=\"elementor-column elementor-col-50 elementor-top-column elementor-element elementor-element-841d44e\" data-id=\"841d44e\" data-element_type=\"column\" data-e-type=\"column\">\n\t\t\t<div class=\"elementor-widget-wrap elementor-element-populated\">\n\t\t\t\t\t\t<div class=\"elementor-element elementor-element-91eddbb elementor-widget elementor-widget-image\" data-id=\"91eddbb\" data-element_type=\"widget\" data-e-type=\"widget\" data-widget_type=\"image.default\">\n\t\t\t\t<div class=\"elementor-widget-container\">\n\t\t\t\t\t\t\t\t\t\t\t\t\t\t\t<img decoding=\"async\" width=\"200\" height=\"152\" src=\"https:\/\/dcpilatesstudio.com\/wp-content\/uploads\/2023\/07\/DC-Pilates-logo-2.png\" class=\"attachment-full size-full wp-image-1617\" alt=\"\" srcset=\"https:\/\/dcpilatesstudio.com\/wp-content\/uploads\/2023\/07\/DC-Pilates-logo-2.png 200w, https:\/\/dcpilatesstudio.com\/wp-content\/uploads\/2023\/07\/DC-Pilates-logo-2-16x12.png 16w\" sizes=\"(max-width: 200px) 100vw, 200px\" \/>\t\t\t\t\t\t\t\t\t\t\t\t\t\t\t<\/div>\n\t\t\t\t<\/div>\n\t\t\t\t<div class=\"elementor-element elementor-element-cab2a97 elementor-widget elementor-widget-spacer\" data-id=\"cab2a97\" data-element_type=\"widget\" data-e-type=\"widget\" data-widget_type=\"spacer.default\">\n\t\t\t\t<div class=\"elementor-widget-container\">\n\t\t\t\t\t\t\t<div class=\"elementor-spacer\">\n\t\t\t<div class=\"elementor-spacer-inner\"><\/div>\n\t\t<\/div>\n\t\t\t\t\t\t<\/div>\n\t\t\t\t<\/div>\n\t\t\t\t\t<\/div>\n\t\t<\/div>\n\t\t\t\t<div class=\"elementor-column elementor-col-50 elementor-top-column elementor-element elementor-element-7f6cc00 elementor-invisible\" data-id=\"7f6cc00\" data-element_type=\"column\" data-e-type=\"column\" data-settings=\"{&quot;background_background&quot;:&quot;classic&quot;,&quot;animation&quot;:&quot;zoomIn&quot;}\">\n\t\t\t<div class=\"elementor-widget-wrap elementor-element-populated\">\n\t\t\t\t\t<div class=\"elementor-background-overlay\"><\/div>\n\t\t\t\t\t\t<section class=\"elementor-section elementor-inner-section elementor-element elementor-element-e5963ae elementor-section-boxed elementor-section-height-default elementor-section-height-default\" data-id=\"e5963ae\" data-element_type=\"section\" data-e-type=\"section\">\n\t\t\t\t\t\t<div class=\"elementor-container elementor-column-gap-default\">\n\t\t\t\t\t<div class=\"elementor-column elementor-col-100 elementor-inner-column elementor-element elementor-element-0a8a979\" data-id=\"0a8a979\" data-element_type=\"column\" data-e-type=\"column\">\n\t\t\t<div class=\"elementor-widget-wrap elementor-element-populated\">\n\t\t\t\t\t\t<div class=\"elementor-element elementor-element-45aa8ec9 elementor-position-inline-start elementor-mobile-position-inline-start elementor-view-default elementor-widget elementor-widget-icon-box\" data-id=\"45aa8ec9\" data-element_type=\"widget\" data-e-type=\"widget\" data-widget_type=\"icon-box.default\">\n\t\t\t\t<div class=\"elementor-widget-container\">\n\t\t\t\t\t\t\t<div class=\"elementor-icon-box-wrapper\">\n\n\t\t\t\t\t\t<div class=\"elementor-icon-box-icon\">\n\t\t\t\t<span  class=\"elementor-icon\">\n\t\t\t\t<i aria-hidden=\"true\" class=\"icon icon-map-marker1\"><\/i>\t\t\t\t<\/span>\n\t\t\t<\/div>\n\t\t\t\n\t\t\t\t\t\t<div class=\"elementor-icon-box-content\">\n\n\t\t\t\t\t\t\t\t\t<div class=\"elementor-icon-box-title\">\n\t\t\t\t\t\t<span  >\n\t\t\t\t\t\t\tUbicaci\u00f3 a Lleida\t\t\t\t\t\t<\/span>\n\t\t\t\t\t<\/div>\n\t\t\t\t\n\t\t\t\t\t\t\t\t\t<p class=\"elementor-icon-box-description\">\n\t\t\t\t\t\tAvda. Blondel, 98 (Centre M\u00e8dic Traumare) Lleida (25002)\t\t\t\t\t<\/p>\n\t\t\t\t\n\t\t\t<\/div>\n\t\t\t\n\t\t<\/div>\n\t\t\t\t\t\t<\/div>\n\t\t\t\t<\/div>\n\t\t\t\t<div class=\"elementor-element elementor-element-947ac0a elementor-position-inline-start elementor-mobile-position-inline-start elementor-view-default elementor-widget elementor-widget-icon-box\" data-id=\"947ac0a\" data-element_type=\"widget\" data-e-type=\"widget\" data-widget_type=\"icon-box.default\">\n\t\t\t\t<div class=\"elementor-widget-container\">\n\t\t\t\t\t\t\t<div class=\"elementor-icon-box-wrapper\">\n\n\t\t\t\t\t\t<div class=\"elementor-icon-box-icon\">\n\t\t\t\t<span  class=\"elementor-icon\">\n\t\t\t\t<i aria-hidden=\"true\" class=\"icon icon-map-marker1\"><\/i>\t\t\t\t<\/span>\n\t\t\t<\/div>\n\t\t\t\n\t\t\t\t\t\t<div class=\"elementor-icon-box-content\">\n\n\t\t\t\t\t\t\t\t\t<div class=\"elementor-icon-box-title\">\n\t\t\t\t\t\t<span  >\n\t\t\t\t\t\t\tUbicaci\u00f3 a Ser\u00f2s\t\t\t\t\t\t<\/span>\n\t\t\t\t\t<\/div>\n\t\t\t\t\n\t\t\t\t\t\t\t\t\t<p class=\"elementor-icon-box-description\">\n\t\t\t\t\t\tC\/ Moss\u00e8n Ferran, 27, 1-4 (Salutser\u00f2s) Ser\u00f2s (25183)\t\t\t\t\t<\/p>\n\t\t\t\t\n\t\t\t<\/div>\n\t\t\t\n\t\t<\/div>\n\t\t\t\t\t\t<\/div>\n\t\t\t\t<\/div>\n\t\t\t\t<div class=\"elementor-element elementor-element-31651e5b elementor-position-inline-start elementor-mobile-position-inline-start elementor-view-default elementor-widget elementor-widget-icon-box\" data-id=\"31651e5b\" data-element_type=\"widget\" data-e-type=\"widget\" data-widget_type=\"icon-box.default\">\n\t\t\t\t<div class=\"elementor-widget-container\">\n\t\t\t\t\t\t\t<div class=\"elementor-icon-box-wrapper\">\n\n\t\t\t\t\t\t<div class=\"elementor-icon-box-icon\">\n\t\t\t\t<a href=\"tel:+34722506160\" class=\"elementor-icon\" tabindex=\"-1\" aria-label=\"Truca&#039;ns\">\n\t\t\t\t<i aria-hidden=\"true\" class=\"lnr lnr-phone-handset\"><\/i>\t\t\t\t<\/a>\n\t\t\t<\/div>\n\t\t\t\n\t\t\t\t\t\t<div class=\"elementor-icon-box-content\">\n\n\t\t\t\t\t\t\t\t\t<div class=\"elementor-icon-box-title\">\n\t\t\t\t\t\t<a href=\"tel:+34722506160\" >\n\t\t\t\t\t\t\tTruca'ns\t\t\t\t\t\t<\/a>\n\t\t\t\t\t<\/div>\n\t\t\t\t\n\t\t\t\t\t\t\t\t\t<p class=\"elementor-icon-box-description\">\n\t\t\t\t\t\t\nTel\u00e8fon : +34 722506160\t\t\t\t\t<\/p>\n\t\t\t\t\n\t\t\t<\/div>\n\t\t\t\n\t\t<\/div>\n\t\t\t\t\t\t<\/div>\n\t\t\t\t<\/div>\n\t\t\t\t<div class=\"elementor-element elementor-element-6158ffd elementor-position-inline-start elementor-mobile-position-inline-start elementor-view-default elementor-widget elementor-widget-icon-box\" data-id=\"6158ffd\" data-element_type=\"widget\" data-e-type=\"widget\" data-widget_type=\"icon-box.default\">\n\t\t\t\t<div class=\"elementor-widget-container\">\n\t\t\t\t\t\t\t<div class=\"elementor-icon-box-wrapper\">\n\n\t\t\t\t\t\t<div class=\"elementor-icon-box-icon\">\n\t\t\t\t<a href=\"https:\/\/www.instagram.com\/dc_pilatesstudio\/\" class=\"elementor-icon\" tabindex=\"-1\" aria-label=\"Segueix-nos a Instagram\">\n\t\t\t\t<i aria-hidden=\"true\" class=\"fab fa-instagram\"><\/i>\t\t\t\t<\/a>\n\t\t\t<\/div>\n\t\t\t\n\t\t\t\t\t\t<div class=\"elementor-icon-box-content\">\n\n\t\t\t\t\t\t\t\t\t<div class=\"elementor-icon-box-title\">\n\t\t\t\t\t\t<a href=\"https:\/\/www.instagram.com\/dc_pilatesstudio\/\" >\n\t\t\t\t\t\t\tSegueix-nos a Instagram\t\t\t\t\t\t<\/a>\n\t\t\t\t\t<\/div>\n\t\t\t\t\n\t\t\t\t\t\t\t\t\t<p class=\"elementor-icon-box-description\">\n\t\t\t\t\t\t@dc_pilatesstudio\t\t\t\t\t<\/p>\n\t\t\t\t\n\t\t\t<\/div>\n\t\t\t\n\t\t<\/div>\n\t\t\t\t\t\t<\/div>\n\t\t\t\t<\/div>\n\t\t\t\t\t<\/div>\n\t\t<\/div>\n\t\t\t\t\t<\/div>\n\t\t<\/section>\n\t\t\t\t\t<\/div>\n\t\t<\/div>\n\t\t\t\t\t<\/div>\n\t\t<\/section>\n\t\t\t\t<section class=\"elementor-section elementor-top-section elementor-element elementor-element-e836ba2 elementor-section-boxed elementor-section-height-default elementor-section-height-default\" data-id=\"e836ba2\" data-element_type=\"section\" data-e-type=\"section\">\n\t\t\t\t\t\t<div class=\"elementor-container elementor-column-gap-default\">\n\t\t\t\t\t<div class=\"elementor-column elementor-col-100 elementor-top-column elementor-element elementor-element-efae9b3\" data-id=\"efae9b3\" data-element_type=\"column\" data-e-type=\"column\">\n\t\t\t<div class=\"elementor-widget-wrap elementor-element-populated\">\n\t\t\t\t\t\t<div class=\"elementor-element elementor-element-0bf33d9 elementor-widget elementor-widget-heading\" data-id=\"0bf33d9\" data-element_type=\"widget\" data-e-type=\"widget\" data-widget_type=\"heading.default\">\n\t\t\t\t<div class=\"elementor-widget-container\">\n\t\t\t\t\t<h2 class=\"elementor-heading-title elementor-size-default\">DC PILATES STUDIO LLEIDA<\/h2>\t\t\t\t<\/div>\n\t\t\t\t<\/div>\n\t\t\t\t\t<\/div>\n\t\t<\/div>\n\t\t\t\t\t<\/div>\n\t\t<\/section>\n\t\t\t\t<section class=\"elementor-section elementor-top-section elementor-element elementor-element-b03fdc6 elementor-section-full_width elementor-section-height-default elementor-section-height-default elementor-invisible\" data-id=\"b03fdc6\" data-element_type=\"section\" data-e-type=\"section\" data-settings=\"{&quot;animation&quot;:&quot;fadeIn&quot;,&quot;animation_delay&quot;:200}\">\n\t\t\t\t\t\t<div class=\"elementor-container elementor-column-gap-no\">\n\t\t\t\t\t<div class=\"elementor-column elementor-col-100 elementor-top-column elementor-element elementor-element-b3d05d3\" data-id=\"b3d05d3\" data-element_type=\"column\" data-e-type=\"column\">\n\t\t\t<div class=\"elementor-widget-wrap elementor-element-populated\">\n\t\t\t\t\t\t<div class=\"elementor-element elementor-element-ec2d9dd elementor-widget elementor-widget-google_maps\" data-id=\"ec2d9dd\" data-element_type=\"widget\" data-e-type=\"widget\" data-widget_type=\"google_maps.default\">\n\t\t\t\t<div class=\"elementor-widget-container\">\n\t\t\t\t\t\t\t<div class=\"elementor-custom-embed\">\n\t\t\t<iframe loading=\"lazy\"\n\t\t\t\t\tsrc=\"https:\/\/maps.google.com\/maps?q=dc%20pilates%20studio%20lleida&#038;t=m&#038;z=16&#038;output=embed&#038;iwloc=near\"\n\t\t\t\t\ttitle=\"dc pilates studio lleida\"\n\t\t\t\t\taria-label=\"dc pilates studio lleida\"\n\t\t\t><\/iframe>\n\t\t<\/div>\n\t\t\t\t\t\t<\/div>\n\t\t\t\t<\/div>\n\t\t\t\t\t<\/div>\n\t\t<\/div>\n\t\t\t\t\t<\/div>\n\t\t<\/section>\n\t\t\t\t<section class=\"elementor-section elementor-top-section elementor-element elementor-element-65d621d elementor-section-boxed elementor-section-height-default elementor-section-height-default\" data-id=\"65d621d\" data-element_type=\"section\" data-e-type=\"section\">\n\t\t\t\t\t\t<div class=\"elementor-container elementor-column-gap-default\">\n\t\t\t\t\t<div class=\"elementor-column elementor-col-100 elementor-top-column elementor-element elementor-element-7205ef3\" data-id=\"7205ef3\" data-element_type=\"column\" data-e-type=\"column\">\n\t\t\t<div class=\"elementor-widget-wrap elementor-element-populated\">\n\t\t\t\t\t\t<div class=\"elementor-element elementor-element-97e7824 elementor-widget elementor-widget-heading\" data-id=\"97e7824\" data-element_type=\"widget\" data-e-type=\"widget\" data-widget_type=\"heading.default\">\n\t\t\t\t<div class=\"elementor-widget-container\">\n\t\t\t\t\t<h2 class=\"elementor-heading-title elementor-size-default\">DC PILATES STUDIO SER\u00d2S<br><\/h2>\t\t\t\t<\/div>\n\t\t\t\t<\/div>\n\t\t\t\t\t<\/div>\n\t\t<\/div>\n\t\t\t\t\t<\/div>\n\t\t<\/section>\n\t\t\t\t<section class=\"elementor-section elementor-top-section elementor-element elementor-element-8ffd760 elementor-section-full_width elementor-section-height-default elementor-section-height-default elementor-invisible\" data-id=\"8ffd760\" data-element_type=\"section\" data-e-type=\"section\" data-settings=\"{&quot;animation&quot;:&quot;fadeIn&quot;,&quot;animation_delay&quot;:200}\">\n\t\t\t\t\t\t<div class=\"elementor-container elementor-column-gap-no\">\n\t\t\t\t\t<div class=\"elementor-column elementor-col-100 elementor-top-column elementor-element elementor-element-f4cf266\" data-id=\"f4cf266\" data-element_type=\"column\" data-e-type=\"column\">\n\t\t\t<div class=\"elementor-widget-wrap elementor-element-populated\">\n\t\t\t\t\t\t<div class=\"elementor-element elementor-element-2207f02b elementor-widget elementor-widget-google_maps\" data-id=\"2207f02b\" data-element_type=\"widget\" data-e-type=\"widget\" data-widget_type=\"google_maps.default\">\n\t\t\t\t<div class=\"elementor-widget-container\">\n\t\t\t\t\t\t\t<div class=\"elementor-custom-embed\">\n\t\t\t<iframe loading=\"lazy\"\n\t\t\t\t\tsrc=\"https:\/\/maps.google.com\/maps?q=Salutser%C3%B2s%20%26%20DC%20Pilates%20Studio%20Carrer%20Moss%C3%A8n%20Ferran%2C%2027%2C%201-4%2C%2025183%20Ser%C3%B2s%2C%20Lleida&#038;t=m&#038;z=16&#038;output=embed&#038;iwloc=near\"\n\t\t\t\t\ttitle=\"Salutser\u00f2s &amp; DC Pilates Studio Carrer Moss\u00e8n Ferran, 27, 1-4, 25183 Ser\u00f2s, Lleida\"\n\t\t\t\t\taria-label=\"Salutser\u00f2s &amp; DC Pilates Studio Carrer Moss\u00e8n Ferran, 27, 1-4, 25183 Ser\u00f2s, Lleida\"\n\t\t\t><\/iframe>\n\t\t<\/div>\n\t\t\t\t\t\t<\/div>\n\t\t\t\t<\/div>\n\t\t\t\t\t<\/div>\n\t\t<\/div>\n\t\t\t\t\t<\/div>\n\t\t<\/section>\n\t\t\t\t<\/div>\n\t\t","protected":false},"excerpt":{"rendered":"<p>Contacta&#8217;ns No dubtis a posar-te en contacte amb nosaltres utilitzant qualsevol dels seg\u00fcents m\u00e8todes: Ubicaci\u00f3 a Lleida Avda. Blondel, 98 (Centre M\u00e8dic Traumare) Lleida (25002) Ubicaci\u00f3 a Ser\u00f2s C\/ Moss\u00e8n Ferran, 27, 1-4 (Salutser\u00f2s) Ser\u00f2s (25183) Truca&#8217;ns Tel\u00e8fon : +34 722506160 Segueix-nos a Instagram @dc_pilatesstudio DC PILATES STUDIO LLEIDA DC PILATES STUDIO SER\u00d2S<\/p>","protected":false},"author":6,"featured_media":0,"parent":0,"menu_order":0,"comment_status":"closed","ping_status":"closed","template":"elementor_header_footer","meta":{"_joinchat":[],"footnotes":""},"class_list":["post-59","page","type-page","status-publish","hentry"],"yoast_head":"<!-- This site is optimized with the Yoast SEO plugin v27.1.1 - https:\/\/yoast.com\/product\/yoast-seo-wordpress\/ -->\n<title>Contacte - DC Pilates Studio<\/title>\n<meta name=\"robots\" content=\"index, follow, max-snippet:-1, max-image-preview:large, max-video-preview:-1\" \/>\n<link rel=\"canonical\" href=\"https:\/\/dcpilatesstudio.com\/es\/contacte\/\" \/>\n<meta property=\"og:locale\" content=\"es_ES\" \/>\n<meta property=\"og:type\" content=\"article\" \/>\n<meta property=\"og:title\" content=\"Contacte - DC Pilates Studio\" \/>\n<meta property=\"og:description\" content=\"Contacta&#8217;ns No dubtis a posar-te en contacte amb nosaltres utilitzant qualsevol dels seg\u00fcents m\u00e8todes: Ubicaci\u00f3 a Lleida Avda. Blondel, 98 (Centre M\u00e8dic Traumare) Lleida (25002) Ubicaci\u00f3 a Ser\u00f2s C\/ Moss\u00e8n Ferran, 27, 1-4 (Salutser\u00f2s) Ser\u00f2s (25183) Truca&#8217;ns Tel\u00e8fon : +34 722506160 Segueix-nos a Instagram @dc_pilatesstudio DC PILATES STUDIO LLEIDA DC PILATES STUDIO SER\u00d2S\" \/>\n<meta property=\"og:url\" content=\"https:\/\/dcpilatesstudio.com\/es\/contacte\/\" \/>\n<meta property=\"og:site_name\" content=\"DC Pilates Studio\" \/>\n<meta property=\"article:modified_time\" content=\"2026-03-09T13:20:41+00:00\" \/>\n<meta property=\"og:image\" content=\"https:\/\/dcpilatesstudio.com\/wp-content\/uploads\/2023\/07\/DC-Pilates-logo-2.png\" \/>\n\t<meta property=\"og:image:width\" content=\"200\" \/>\n\t<meta property=\"og:image:height\" content=\"152\" \/>\n\t<meta property=\"og:image:type\" content=\"image\/png\" \/>\n<meta name=\"twitter:card\" content=\"summary_large_image\" \/>\n<meta name=\"twitter:label1\" content=\"Tiempo de lectura\" \/>\n\t<meta name=\"twitter:data1\" content=\"1 minuto\" \/>\n<script type=\"application\/ld+json\" class=\"yoast-schema-graph\">{\"@context\":\"https:\/\/schema.org\",\"@graph\":[{\"@type\":\"WebPage\",\"@id\":\"https:\/\/dcpilatesstudio.com\/contacte\/\",\"url\":\"https:\/\/dcpilatesstudio.com\/contacte\/\",\"name\":\"Contacte - DC Pilates Studio\",\"isPartOf\":{\"@id\":\"https:\/\/dcpilatesstudio.com\/#website\"},\"primaryImageOfPage\":{\"@id\":\"https:\/\/dcpilatesstudio.com\/contacte\/#primaryimage\"},\"image\":{\"@id\":\"https:\/\/dcpilatesstudio.com\/contacte\/#primaryimage\"},\"thumbnailUrl\":\"https:\/\/dcpilatesstudio.com\/wp-content\/uploads\/2023\/07\/DC-Pilates-logo-2.png\",\"datePublished\":\"2023-03-09T18:05:22+00:00\",\"dateModified\":\"2026-03-09T13:20:41+00:00\",\"breadcrumb\":{\"@id\":\"https:\/\/dcpilatesstudio.com\/contacte\/#breadcrumb\"},\"inLanguage\":\"es\",\"potentialAction\":[{\"@type\":\"ReadAction\",\"target\":[\"https:\/\/dcpilatesstudio.com\/contacte\/\"]}]},{\"@type\":\"ImageObject\",\"inLanguage\":\"es\",\"@id\":\"https:\/\/dcpilatesstudio.com\/contacte\/#primaryimage\",\"url\":\"https:\/\/dcpilatesstudio.com\/wp-content\/uploads\/2023\/07\/DC-Pilates-logo-2.png\",\"contentUrl\":\"https:\/\/dcpilatesstudio.com\/wp-content\/uploads\/2023\/07\/DC-Pilates-logo-2.png\"},{\"@type\":\"BreadcrumbList\",\"@id\":\"https:\/\/dcpilatesstudio.com\/contacte\/#breadcrumb\",\"itemListElement\":[{\"@type\":\"ListItem\",\"position\":1,\"name\":\"Portada\",\"item\":\"https:\/\/dcpilatesstudio.com\/\"},{\"@type\":\"ListItem\",\"position\":2,\"name\":\"Contacte\"}]},{\"@type\":\"WebSite\",\"@id\":\"https:\/\/dcpilatesstudio.com\/#website\",\"url\":\"https:\/\/dcpilatesstudio.com\/\",\"name\":\"DC Pilates Studio\",\"description\":\"\",\"publisher\":{\"@id\":\"https:\/\/dcpilatesstudio.com\/#organization\"},\"potentialAction\":[{\"@type\":\"SearchAction\",\"target\":{\"@type\":\"EntryPoint\",\"urlTemplate\":\"https:\/\/dcpilatesstudio.com\/?s={search_term_string}\"},\"query-input\":{\"@type\":\"PropertyValueSpecification\",\"valueRequired\":true,\"valueName\":\"search_term_string\"}}],\"inLanguage\":\"es\"},{\"@type\":\"Organization\",\"@id\":\"https:\/\/dcpilatesstudio.com\/#organization\",\"name\":\"DC Pilates Studio\",\"url\":\"https:\/\/dcpilatesstudio.com\/\",\"logo\":{\"@type\":\"ImageObject\",\"inLanguage\":\"es\",\"@id\":\"https:\/\/dcpilatesstudio.com\/#\/schema\/logo\/image\/\",\"url\":\"https:\/\/dcpilatesstudio.com\/wp-content\/uploads\/2023\/07\/DC-Pilates-Studio-Junt.png\",\"contentUrl\":\"https:\/\/dcpilatesstudio.com\/wp-content\/uploads\/2023\/07\/DC-Pilates-Studio-Junt.png\",\"width\":2245,\"height\":2245,\"caption\":\"DC Pilates Studio\"},\"image\":{\"@id\":\"https:\/\/dcpilatesstudio.com\/#\/schema\/logo\/image\/\"},\"sameAs\":[\"https:\/\/www.instagram.com\/dc_pilatesstudio\/\"]}]}<\/script>\n<!-- \/ Yoast SEO plugin. -->","yoast_head_json":{"title":"Contacte - DC Pilates Studio","robots":{"index":"index","follow":"follow","max-snippet":"max-snippet:-1","max-image-preview":"max-image-preview:large","max-video-preview":"max-video-preview:-1"},"canonical":"https:\/\/dcpilatesstudio.com\/es\/contacte\/","og_locale":"es_ES","og_type":"article","og_title":"Contacte - DC Pilates Studio","og_description":"Contacta&#8217;ns No dubtis a posar-te en contacte amb nosaltres utilitzant qualsevol dels seg\u00fcents m\u00e8todes: Ubicaci\u00f3 a Lleida Avda. Blondel, 98 (Centre M\u00e8dic Traumare) Lleida (25002) Ubicaci\u00f3 a Ser\u00f2s C\/ Moss\u00e8n Ferran, 27, 1-4 (Salutser\u00f2s) Ser\u00f2s (25183) Truca&#8217;ns Tel\u00e8fon : +34 722506160 Segueix-nos a Instagram @dc_pilatesstudio DC PILATES STUDIO LLEIDA DC PILATES STUDIO SER\u00d2S","og_url":"https:\/\/dcpilatesstudio.com\/es\/contacte\/","og_site_name":"DC Pilates Studio","article_modified_time":"2026-03-09T13:20:41+00:00","og_image":[{"width":200,"height":152,"url":"https:\/\/dcpilatesstudio.com\/wp-content\/uploads\/2023\/07\/DC-Pilates-logo-2.png","type":"image\/png"}],"twitter_card":"summary_large_image","twitter_misc":{"Tiempo de lectura":"1 minuto"},"schema":{"@context":"https:\/\/schema.org","@graph":[{"@type":"WebPage","@id":"https:\/\/dcpilatesstudio.com\/contacte\/","url":"https:\/\/dcpilatesstudio.com\/contacte\/","name":"Contacte - DC Pilates Studio","isPartOf":{"@id":"https:\/\/dcpilatesstudio.com\/#website"},"primaryImageOfPage":{"@id":"https:\/\/dcpilatesstudio.com\/contacte\/#primaryimage"},"image":{"@id":"https:\/\/dcpilatesstudio.com\/contacte\/#primaryimage"},"thumbnailUrl":"https:\/\/dcpilatesstudio.com\/wp-content\/uploads\/2023\/07\/DC-Pilates-logo-2.png","datePublished":"2023-03-09T18:05:22+00:00","dateModified":"2026-03-09T13:20:41+00:00","breadcrumb":{"@id":"https:\/\/dcpilatesstudio.com\/contacte\/#breadcrumb"},"inLanguage":"es","potentialAction":[{"@type":"ReadAction","target":["https:\/\/dcpilatesstudio.com\/contacte\/"]}]},{"@type":"ImageObject","inLanguage":"es","@id":"https:\/\/dcpilatesstudio.com\/contacte\/#primaryimage","url":"https:\/\/dcpilatesstudio.com\/wp-content\/uploads\/2023\/07\/DC-Pilates-logo-2.png","contentUrl":"https:\/\/dcpilatesstudio.com\/wp-content\/uploads\/2023\/07\/DC-Pilates-logo-2.png"},{"@type":"BreadcrumbList","@id":"https:\/\/dcpilatesstudio.com\/contacte\/#breadcrumb","itemListElement":[{"@type":"ListItem","position":1,"name":"Portada","item":"https:\/\/dcpilatesstudio.com\/"},{"@type":"ListItem","position":2,"name":"Contacte"}]},{"@type":"WebSite","@id":"https:\/\/dcpilatesstudio.com\/#website","url":"https:\/\/dcpilatesstudio.com\/","name":"DC Pilates Studio","description":"","publisher":{"@id":"https:\/\/dcpilatesstudio.com\/#organization"},"potentialAction":[{"@type":"SearchAction","target":{"@type":"EntryPoint","urlTemplate":"https:\/\/dcpilatesstudio.com\/?s={search_term_string}"},"query-input":{"@type":"PropertyValueSpecification","valueRequired":true,"valueName":"search_term_string"}}],"inLanguage":"es"},{"@type":"Organization","@id":"https:\/\/dcpilatesstudio.com\/#organization","name":"DC Pilates Studio","url":"https:\/\/dcpilatesstudio.com\/","logo":{"@type":"ImageObject","inLanguage":"es","@id":"https:\/\/dcpilatesstudio.com\/#\/schema\/logo\/image\/","url":"https:\/\/dcpilatesstudio.com\/wp-content\/uploads\/2023\/07\/DC-Pilates-Studio-Junt.png","contentUrl":"https:\/\/dcpilatesstudio.com\/wp-content\/uploads\/2023\/07\/DC-Pilates-Studio-Junt.png","width":2245,"height":2245,"caption":"DC Pilates Studio"},"image":{"@id":"https:\/\/dcpilatesstudio.com\/#\/schema\/logo\/image\/"},"sameAs":["https:\/\/www.instagram.com\/dc_pilatesstudio\/"]}]}},"_links":{"self":[{"href":"https:\/\/dcpilatesstudio.com\/es\/wp-json\/wp\/v2\/pages\/59","targetHints":{"allow":["GET"]}}],"collection":[{"href":"https:\/\/dcpilatesstudio.com\/es\/wp-json\/wp\/v2\/pages"}],"about":[{"href":"https:\/\/dcpilatesstudio.com\/es\/wp-json\/wp\/v2\/types\/page"}],"author":[{"embeddable":true,"href":"https:\/\/dcpilatesstudio.com\/es\/wp-json\/wp\/v2\/users\/6"}],"replies":[{"embeddable":true,"href":"https:\/\/dcpilatesstudio.com\/es\/wp-json\/wp\/v2\/comments?post=59"}],"version-history":[{"count":6,"href":"https:\/\/dcpilatesstudio.com\/es\/wp-json\/wp\/v2\/pages\/59\/revisions"}],"predecessor-version":[{"id":29938,"href":"https:\/\/dcpilatesstudio.com\/es\/wp-json\/wp\/v2\/pages\/59\/revisions\/29938"}],"wp:attachment":[{"href":"https:\/\/dcpilatesstudio.com\/es\/wp-json\/wp\/v2\/media?parent=59"}],"curies":[{"name":"wp","href":"https:\/\/api.w.org\/{rel}","templated":true}]}}